{"id":40,"date":"2023-11-27T15:31:29","date_gmt":"2023-11-27T15:31:29","guid":{"rendered":"https:\/\/bonimores.lu\/?page_id=40"},"modified":"2024-12-16T09:42:18","modified_gmt":"2024-12-16T09:42:18","slug":"pagina-em-construcao-boldit","status":"publish","type":"page","link":"https:\/\/bonimores.lu\/fr\/pagina-em-construcao-boldit\/","title":{"rendered":"Bonimores | Beverages and More"},"content":{"rendered":"<p>[et_pb_section fb_built=&#8221;1&#8243; custom_padding_last_edited=&#8221;on|desktop&#8221; admin_label=&#8221;Page Under Construction&#8221; _builder_version=&#8221;4.26.0&#8243; _module_preset=&#8221;default&#8221; background_color=&#8221;#f7f0cf&#8221; use_background_color_gradient=&#8221;on&#8221; background_color_gradient_stops=&#8221;rgba(255,255,255,0.75) 0%|rgba(255,255,255,0.04) 65%&#8221; background_color_gradient_overlays_image=&#8221;on&#8221; background_color_gradient_start=&#8221;rgba(255,255,255,0.75)&#8221; background_color_gradient_end=&#8221;rgba(255,255,255,0.04)&#8221; background_color_gradient_end_position=&#8221;65%&#8221; background_enable_image=&#8221;off&#8221; background_enable_video_mp4=&#8221;off&#8221; custom_padding=&#8221;||408px|||&#8221; custom_padding_tablet=&#8221;50px|0|50px|0&#8243; custom_padding_phone=&#8221;||183px||false|false&#8221; bottom_divider_height=&#8221;95px&#8221; bottom_divider_flip=&#8221;horizontal&#8221; bottom_divider_height_tablet=&#8221;48px&#8221; bottom_divider_height_phone=&#8221;32px&#8221; bottom_divider_height_last_edited=&#8221;on|phone&#8221; transparent_background=&#8221;on&#8221; make_fullwidth=&#8221;off&#8221; use_custom_width=&#8221;off&#8221; width_unit=&#8221;on&#8221; collapsed=&#8221;off&#8221; global_colors_info=&#8221;{}&#8221;][et_pb_row column_structure=&#8221;1_2,1_2&#8243; column_padding_mobile=&#8221;on&#8221; custom_padding_last_edited=&#8221;on|phone&#8221; admin_label=&#8221;row&#8221; _builder_version=&#8221;4.26.0&#8243; _module_preset=&#8221;default&#8221; background_size=&#8221;initial&#8221; background_position=&#8221;top_left&#8221; background_repeat=&#8221;repeat&#8221; width_tablet=&#8221;&#8221; width_phone=&#8221;90%&#8221; width_last_edited=&#8221;on|phone&#8221; max_width=&#8221;760px&#8221; custom_margin_last_edited=&#8221;off|tablet&#8221; custom_padding_tablet=&#8221;||0px||false|false&#8221; custom_padding_phone=&#8221;0px||||false|false&#8221; hover_enabled=&#8221;0&#8243; make_fullwidth=&#8221;off&#8221; use_custom_width=&#8221;on&#8221; width_unit=&#8221;on&#8221; custom_width_px=&#8221;760px&#8221; global_colors_info=&#8221;{}&#8221; sticky_enabled=&#8221;0&#8243;][et_pb_column type=&#8221;1_2&#8243; _builder_version=&#8221;4.16&#8243; _module_preset=&#8221;default&#8221; custom_padding=&#8221;|||&#8221; global_colors_info=&#8221;{}&#8221; custom_padding__hover=&#8221;|||&#8221;][et_pb_image src=&#8221;https:\/\/bonimores.lu\/wp-content\/uploads\/2022\/06\/boni_mores_ecra_cores.png&#8221; title_text=&#8221;boni_mores_ecra_cores&#8221; align=&#8221;center&#8221; align_tablet=&#8221;center&#8221; align_phone=&#8221;&#8221; align_last_edited=&#8221;on|desktop&#8221; admin_label=&#8221;Image&#8221; _builder_version=&#8221;4.26.0&#8243; _module_preset=&#8221;default&#8221; width=&#8221;67%&#8221; width_tablet=&#8221;&#8221; width_phone=&#8221;53%&#8221; width_last_edited=&#8221;on|phone&#8221; custom_margin=&#8221;0px||0px||false|false&#8221; animation_style=&#8221;zoom&#8221; animation_intensity_zoom=&#8221;30%&#8221; hover_enabled=&#8221;0&#8243; animation=&#8221;fade_in&#8221; sticky=&#8221;off&#8221; use_border_color=&#8221;off&#8221; border_color=&#8221;#ffffff&#8221; border_style=&#8221;solid&#8221; always_center_on_mobile=&#8221;on&#8221; global_colors_info=&#8221;{}&#8221; custom_margin_last_edited=&#8221;on|phone&#8221; custom_margin_phone=&#8221;20px||0px||false|false&#8221; sticky_enabled=&#8221;0&#8243; custom_margin_tablet=&#8221;0px||0px||false|false&#8221;][\/et_pb_image][\/et_pb_column][et_pb_column type=&#8221;1_2&#8243; _builder_version=&#8221;4.16&#8243; _module_preset=&#8221;default&#8221; custom_padding=&#8221;|||&#8221; global_colors_info=&#8221;{}&#8221; custom_padding__hover=&#8221;|||&#8221;][et_pb_image src=&#8221;https:\/\/bonimores.lu\/wp-content\/uploads\/2024\/12\/image001.png&#8221; title_text=&#8221;image001&#8243; align=&#8221;center&#8221; _builder_version=&#8221;4.26.0&#8243; _module_preset=&#8221;default&#8221; max_width=&#8221;72%&#8221; max_width_tablet=&#8221;72%&#8221; max_width_phone=&#8221;46%&#8221; max_width_last_edited=&#8221;on|phone&#8221; border_radii=&#8221;on|16px|16px|16px|16px&#8221; global_colors_info=&#8221;{}&#8221;][\/et_pb_image][\/et_pb_column][\/et_pb_row][et_pb_row column_padding_mobile=&#8221;on&#8221; custom_padding_last_edited=&#8221;on|phone&#8221; admin_label=&#8221;row&#8221; _builder_version=&#8221;4.26.0&#8243; _module_preset=&#8221;default&#8221; background_size=&#8221;initial&#8221; background_position=&#8221;top_left&#8221; background_repeat=&#8221;repeat&#8221; width_tablet=&#8221;&#8221; width_phone=&#8221;90%&#8221; width_last_edited=&#8221;on|phone&#8221; max_width=&#8221;760px&#8221; custom_margin_last_edited=&#8221;off|tablet&#8221; custom_padding_tablet=&#8221;||0px||false|false&#8221; custom_padding_phone=&#8221;&#8221; make_fullwidth=&#8221;off&#8221; use_custom_width=&#8221;on&#8221; width_unit=&#8221;on&#8221; custom_width_px=&#8221;760px&#8221; global_colors_info=&#8221;{}&#8221;][et_pb_column type=&#8221;4_4&#8243; _builder_version=&#8221;4.16&#8243; _module_preset=&#8221;default&#8221; custom_padding=&#8221;|||&#8221; global_colors_info=&#8221;{}&#8221; custom_padding__hover=&#8221;|||&#8221;][et_pb_text admin_label=&#8221;Text&#8221; _builder_version=&#8221;4.26.0&#8243; _module_preset=&#8221;default&#8221; text_font=&#8221;Montserrat|600|||||||&#8221; text_text_color=&#8221;#ceaf00&#8243; text_font_size=&#8221;40px&#8221; text_line_height=&#8221;1.2em&#8221; background_size=&#8221;initial&#8221; background_position=&#8221;top_left&#8221; background_repeat=&#8221;repeat&#8221; text_orientation=&#8221;center&#8221; module_alignment=&#8221;center&#8221; custom_margin=&#8221;51px||13px|||&#8221; custom_margin_tablet=&#8221;51px||13px|||&#8221; custom_margin_phone=&#8221;21px||13px||false|false&#8221; custom_margin_last_edited=&#8221;on|phone&#8221; animation_style=&#8221;zoom&#8221; animation_intensity_zoom=&#8221;10%&#8221; text_font_size_tablet=&#8221;&#8221; text_font_size_phone=&#8221;32px&#8221; text_font_size_last_edited=&#8221;on|phone&#8221; use_border_color=&#8221;off&#8221; border_color=&#8221;#ffffff&#8221; border_style=&#8221;solid&#8221; global_colors_info=&#8221;{}&#8221;]<\/p>\n<p>Bonimores souhaite \u00e0 tous ses clients un joyeux No\u00ebl<\/p>\n<p>[\/et_pb_text][\/et_pb_column][\/et_pb_row][et_pb_row column_structure=&#8221;1_2,1_2&#8243; _builder_version=&#8221;4.26.0&#8243; _module_preset=&#8221;default&#8221; max_width=&#8221;1274px&#8221; custom_padding=&#8221;0px|||||&#8221; global_colors_info=&#8221;{}&#8221;][et_pb_column type=&#8221;1_2&#8243; _builder_version=&#8221;4.26.0&#8243; _module_preset=&#8221;default&#8221; global_colors_info=&#8221;{}&#8221;][et_pb_text admin_label=&#8221;Text&#8221; _builder_version=&#8221;4.26.0&#8243; _module_preset=&#8221;default&#8221; text_font=&#8221;Montserrat|700|||||||&#8221; text_text_color=&#8221;#444300&#8243; text_font_size=&#8221;32px&#8221; text_line_height=&#8221;1.4em&#8221; background_size=&#8221;initial&#8221; background_position=&#8221;top_left&#8221; background_repeat=&#8221;repeat&#8221; module_alignment=&#8221;center&#8221; custom_margin=&#8221;51px||37px||false|false&#8221; custom_margin_tablet=&#8221;51px||37px||false|false&#8221; custom_margin_phone=&#8221;20px||37px||false|false&#8221; custom_margin_last_edited=&#8221;on|phone&#8221; animation_style=&#8221;zoom&#8221; animation_intensity_zoom=&#8221;10%&#8221; text_font_size_tablet=&#8221;&#8221; text_font_size_phone=&#8221;24px&#8221; text_font_size_last_edited=&#8221;on|phone&#8221; text_line_height_tablet=&#8221;1.4em&#8221; text_line_height_phone=&#8221;1.2em&#8221; text_line_height_last_edited=&#8221;on|phone&#8221; text_orientation_tablet=&#8221;&#8221; text_orientation_phone=&#8221;center&#8221; text_orientation_last_edited=&#8221;on|phone&#8221; use_border_color=&#8221;off&#8221; border_color=&#8221;#ffffff&#8221; border_style=&#8221;solid&#8221; global_colors_info=&#8221;{}&#8221;]<\/p>\n<p>Passez vos commandes et trouvez les meilleurs cadeaux dans le catalogue de No\u00ebl.<\/p>\n<p>[\/et_pb_text][dsm_icon_list icon_color=&#8221;#ddbf4f&#8221; icon_padding=&#8221;0px&#8221; icon_font_size=&#8221;19px&#8221; list_space_between=&#8221;30px&#8221; text_indent=&#8221;15px&#8221; icon_font_size_tablet=&#8221;19px&#8221; icon_font_size_phone=&#8221;25px&#8221; icon_font_size_last_edited=&#8221;on|phone&#8221; _builder_version=&#8221;4.26.0&#8243; _module_preset=&#8221;default&#8221; text_font=&#8221;Work Sans||||||||&#8221; text_text_color=&#8221;#2d2d2d&#8221; text_font_size=&#8221;18px&#8221; custom_margin=&#8221;||57px|||&#8221; custom_margin_tablet=&#8221;||57px|||&#8221; custom_margin_phone=&#8221;||35px||false|false&#8221; custom_margin_last_edited=&#8221;on|phone&#8221; custom_padding_tablet=&#8221;&#8221; custom_padding_phone=&#8221;|0px||0px|false|true&#8221; custom_padding_last_edited=&#8221;on|phone&#8221; global_colors_info=&#8221;{}&#8221;][dsm_icon_list_child text=&#8221;28, route de Capellen L-8279 Holzem Luxembourg&#8221; font_icon=&#8221;&#xe01d;||divi||400&#8243; url=&#8221;https:\/\/goo.gl\/maps\/XVoGo1i4BuobWPGF9&#8243; url_new_window=&#8221;on&#8221; _builder_version=&#8221;4.18.0&#8243; _module_preset=&#8221;default&#8221; text_font=&#8221;Work Sans||||||||&#8221; custom_margin=&#8221;||35px||false|false&#8221; global_colors_info=&#8221;{}&#8221;][\/dsm_icon_list_child][dsm_icon_list_child text=&#8221;(+352) 26 00 89 93&#8243; font_icon=&#8221;&#xe090;||divi||400&#8243; url=&#8221;tel:+35226008993&#8243; _builder_version=&#8221;4.17.4&#8243; _module_preset=&#8221;default&#8221; custom_margin=&#8221;||35px||false|false&#8221; global_colors_info=&#8221;{}&#8221;][\/dsm_icon_list_child][dsm_icon_list_child text=&#8221;contact@bonimores.lu&#8221; font_icon=&#8221;&#xe010;||divi||400&#8243; url=&#8221;mailto:contact@bonimores.lu&#8221; url_new_window=&#8221;on&#8221; _builder_version=&#8221;4.17.4&#8243; _module_preset=&#8221;default&#8221; global_colors_info=&#8221;{}&#8221;][\/dsm_icon_list_child][\/dsm_icon_list][et_pb_button button_url=&#8221;https:\/\/bonimores.lu\/wp-content\/uploads\/2024\/12\/Catalogue-Noel-2024_FR.pdf&#8221; url_new_window=&#8221;on&#8221; button_text=&#8221; Voir le catalogue No\u00ebl 2024&#8243; button_alignment=&#8221;left&#8221; button_alignment_tablet=&#8221;left&#8221; button_alignment_phone=&#8221;center&#8221; button_alignment_last_edited=&#8221;on|phone&#8221; _builder_version=&#8221;4.26.0&#8243; _module_preset=&#8221;default&#8221; custom_button=&#8221;on&#8221; button_text_size=&#8221;22px&#8221; button_text_color=&#8221;#ffffff&#8221; button_bg_use_color_gradient=&#8221;on&#8221; button_bg_color_gradient_direction=&#8221;236deg&#8221; button_bg_color_gradient_stops=&#8221;#ddc02c 0%|#9b8f1f 100%&#8221; button_border_width=&#8221;0px&#8221; button_border_radius=&#8221;100px&#8221; button_letter_spacing=&#8221;1px&#8221; button_font=&#8221;Montserrat|700|||||||&#8221; custom_padding=&#8221;12px|65px|12px|65px|true|true&#8221; custom_padding_tablet=&#8221;&#8221; custom_padding_phone=&#8221;12px|31px|12px|31px|true|true&#8221; custom_padding_last_edited=&#8221;on|phone&#8221; animation_style=&#8221;zoom&#8221; animation_intensity_zoom=&#8221;10%&#8221; button_text_size_tablet=&#8221;&#8221; button_text_size_phone=&#8221;14px&#8221; button_text_size_last_edited=&#8221;on|phone&#8221; custom_css_main_element=&#8221;box-shadow: 0px 6px 30px -10px #333 !important;&#8221; button_text_shadow_style=&#8221;preset3&#8243; button_text_shadow_vertical_length=&#8221;0.05em&#8221; global_colors_info=&#8221;{}&#8221; transform_styles__hover_enabled=&#8221;on|hover&#8221; transform_scale__hover_enabled=&#8221;on|hover&#8221; transform_translate__hover_enabled=&#8221;on|desktop&#8221; transform_rotate__hover_enabled=&#8221;on|desktop&#8221; transform_skew__hover_enabled=&#8221;on|desktop&#8221; transform_origin__hover_enabled=&#8221;on|desktop&#8221; transform_scale__hover=&#8221;106%|106%&#8221; button_bg_color__hover_enabled=&#8221;on|hover&#8221; button_bg_color_gradient_start__hover=&#8221;#216ba8&#8243; button_bg_color_gradient_end__hover=&#8221;#21a08f&#8221; button_bg_color_gradient_stops__hover=&#8221;#216ba8 0%|#21a08f 78%&#8221; button_bg_use_color_gradient__hover=&#8221;on&#8221;][\/et_pb_button][\/et_pb_column][et_pb_column type=&#8221;1_2&#8243; _builder_version=&#8221;4.26.0&#8243; _module_preset=&#8221;default&#8221; global_colors_info=&#8221;{}&#8221;][et_pb_image src=&#8221;https:\/\/bonimores.lu\/wp-content\/uploads\/2024\/12\/Captura-de-ecra-2024-12-13-184913.png&#8221; title_text=&#8221;Captura de ecr\u00e3 2024-12-13 184913&#8243; url=&#8221;https:\/\/bonimores.lu\/wp-content\/uploads\/2024\/12\/Catalogue-Noel-2024_FR.pdf&#8221; _builder_version=&#8221;4.26.0&#8243; _module_preset=&#8221;default&#8221; max_width=&#8221;100%&#8221; module_alignment=&#8221;center&#8221; global_colors_info=&#8221;{}&#8221;][\/et_pb_image][\/et_pb_column][\/et_pb_row][\/et_pb_section]<\/p>\n","protected":false},"excerpt":{"rendered":"<p>Bonimores souhaite \u00e0 tous ses clients un joyeux No\u00eblPassez vos commandes et trouvez les meilleurs cadeaux dans le catalogue de No\u00ebl.<div class=\"et_pb_module dsm_icon_list dsm_icon_list_0\">\n\t\t\t\t\n\t\t\t\t\n\t\t\t\t\n\t\t\t\t\n\t\t\t\t\n\t\t\t\t\n\t\t\t\t<div class=\"et_pb_module_inner\">\n\t\t\t\t\t<ul class=\"dsm_icon_list_items dsm_icon_list_ltr_direction dsm_icon_list_layout_vertical\"><\/ul>\n\t\t\t\t<\/div>\n\t\t\t<\/div><li class=\"dsm_icon_list_child dsm_icon_list_child_0\">\n\t\t\t\t\n\t\t\t\t\n\t\t\t\t\n\t\t\t\t\n\t\t\t\t<span class=\"dsm_icon_list_wrapper\"><span class=\"dsm_icon_list_icon\"><\/span><\/span><span class=\"dsm_icon_list_text\">&#8221;28,<\/span>\n\t\t\t<\/li><\/p>","protected":false},"author":1,"featured_media":0,"parent":0,"menu_order":0,"comment_status":"closed","ping_status":"closed","template":"","meta":{"_et_pb_use_builder":"on","_et_pb_old_content":"","_et_gb_content_width":"","footnotes":""},"class_list":["post-40","page","type-page","status-publish","hentry"],"_links":{"self":[{"href":"https:\/\/bonimores.lu\/fr\/wp-json\/wp\/v2\/pages\/40","targetHints":{"allow":["GET"]}}],"collection":[{"href":"https:\/\/bonimores.lu\/fr\/wp-json\/wp\/v2\/pages"}],"about":[{"href":"https:\/\/bonimores.lu\/fr\/wp-json\/wp\/v2\/types\/page"}],"author":[{"embeddable":true,"href":"https:\/\/bonimores.lu\/fr\/wp-json\/wp\/v2\/users\/1"}],"replies":[{"embeddable":true,"href":"https:\/\/bonimores.lu\/fr\/wp-json\/wp\/v2\/comments?post=40"}],"version-history":[{"count":22,"href":"https:\/\/bonimores.lu\/fr\/wp-json\/wp\/v2\/pages\/40\/revisions"}],"predecessor-version":[{"id":254950,"href":"https:\/\/bonimores.lu\/fr\/wp-json\/wp\/v2\/pages\/40\/revisions\/254950"}],"wp:attachment":[{"href":"https:\/\/bonimores.lu\/fr\/wp-json\/wp\/v2\/media?parent=40"}],"curies":[{"name":"wp","href":"https:\/\/api.w.org\/{rel}","templated":true}]}}