{"id":3,"date":"2023-11-27T15:31:29","date_gmt":"2023-11-27T15:31:29","guid":{"rendered":"http:\/\/bonimores.lu\/?page_id=3"},"modified":"2023-11-27T15:31:29","modified_gmt":"2023-11-27T15:31:29","slug":"privacy-policy","status":"publish","type":"page","link":"https:\/\/bonimores.lu\/pt\/privacy-policy\/","title":{"rendered":"Privacy and Policy"},"content":{"rendered":"<p>[et_pb_section fb_built=&#8221;1&#8243; custom_padding_last_edited=&#8221;on|phone&#8221; next_background_color=&#8221;#ffffff&#8221; admin_label=&#8221;Header&#8221; _builder_version=&#8221;4.18.0&#8243; _module_preset=&#8221;default&#8221; background_enable_color=&#8221;off&#8221; use_background_color_gradient=&#8221;on&#8221; background_color_gradient_stops=&#8221;rgba(10,10,10,0.44) 22%|rgba(12,12,12,0.33) 86%&#8221; background_color_gradient_overlays_image=&#8221;on&#8221; background_image=&#8221;https:\/\/bonimores.lu\/wp-content\/uploads\/2022\/11\/img-wine-1-1.jpg&#8221; custom_margin=&#8221;||25px||false|false&#8221; custom_margin_tablet=&#8221;||75px||false|false&#8221; custom_margin_phone=&#8221;||50px||false|false&#8221; custom_margin_last_edited=&#8221;on|phone&#8221; custom_padding=&#8221;0px||1vw||false|false&#8221; custom_padding_tablet=&#8221;200px||||false|false&#8221; custom_padding_phone=&#8221;20px||||false|false&#8221; bottom_divider_style=&#8221;asymmetric&#8221; bottom_divider_height=&#8221;36px&#8221; bottom_divider_height_tablet=&#8221;65px&#8221; bottom_divider_height_phone=&#8221;19px&#8221; bottom_divider_height_last_edited=&#8221;on|phone&#8221; locked=&#8221;off&#8221; global_colors_info=&#8221;{}&#8221;][et_pb_row custom_padding_last_edited=&#8221;on|desktop&#8221; _builder_version=&#8221;4.18.0&#8243; _module_preset=&#8221;default&#8221; max_width=&#8221;1400px&#8221; custom_padding=&#8221;25px||70px||false|false&#8221; custom_padding_tablet=&#8221;50px||70px||false|false&#8221; custom_padding_phone=&#8221;25px||35px||false|false&#8221; global_colors_info=&#8221;{}&#8221; custom_css_main_element_last_edited=&#8221;on|phone&#8221; custom_css_main_element_phone=&#8221;margin-top: -25px;&#8221;][et_pb_column type=&#8221;4_4&#8243; _builder_version=&#8221;4.18.0&#8243; _module_preset=&#8221;default&#8221; global_colors_info=&#8221;{}&#8221;][et_pb_post_title meta=&#8221;off&#8221; featured_image=&#8221;off&#8221; _builder_version=&#8221;4.18.0&#8243; title_font=&#8221;Work Sans|700|||||||&#8221; title_text_color=&#8221;#FFFFFF&#8221; title_font_size=&#8221;40px&#8221; custom_margin=&#8221;||||false|false&#8221; custom_padding=&#8221;10px||||false|false&#8221; custom_padding_phone=&#8221;10px||||false|false&#8221; custom_padding_last_edited=&#8221;off|phone&#8221; title_font_size_tablet=&#8221;40px&#8221; title_font_size_phone=&#8221;30px&#8221; title_font_size_last_edited=&#8221;on|phone&#8221; title_text_shadow_style=&#8221;preset2&#8243; global_colors_info=&#8221;{}&#8221;][\/et_pb_post_title][\/et_pb_column][\/et_pb_row][\/et_pb_section][et_pb_section fb_built=&#8221;1&#8243; _builder_version=&#8221;4.16&#8243; global_colors_info=&#8221;{}&#8221;][et_pb_row _builder_version=&#8221;4.16&#8243; background_size=&#8221;initial&#8221; background_position=&#8221;top_left&#8221; background_repeat=&#8221;repeat&#8221; global_colors_info=&#8221;{}&#8221;][et_pb_column type=&#8221;4_4&#8243; _builder_version=&#8221;4.16&#8243; custom_padding=&#8221;|||&#8221; global_colors_info=&#8221;{}&#8221; custom_padding__hover=&#8221;|||&#8221;][et_pb_text _builder_version=&#8221;4.23&#8243; text_text_color=&#8221;#2b2b2b&#8221; text_font_size=&#8221;15px&#8221; link_font=&#8221;|600|||||||&#8221; link_text_color=&#8221;#9b7b2c&#8221; background_size=&#8221;initial&#8221; background_position=&#8221;top_left&#8221; background_repeat=&#8221;repeat&#8221; hover_enabled=&#8221;0&#8243; global_colors_info=&#8221;{}&#8221; sticky_enabled=&#8221;0&#8243;]<\/p>\n<p>Beverages &amp; More SARL (Boni Mores)Beverages &amp; More SARL (Boni Mores)<\/p>\n<p><strong>\u00c9DITEUR, H\u00c9BERGEUR, PROPRI\u00c9TAIRE<\/strong><br \/>Le site Internet bonimores.lu (\u00ab site Internet \u00bb), dont le si\u00e8ge social est situ\u00e9 au28, Route de Capellen L-8279 Holzem Luxembourg, et qui est immatricul\u00e9e au Registre du commerce et des soci\u00e9t\u00e9s de Luxembourg.<\/p>\n<p>La direction de la publication est assur\u00e9e par un administrateur d\u00e9l\u00e9gu\u00e9 de Beverages &amp; More SARL (Boni Mores).<\/p>\n<p>Le site Internet a \u00e9t\u00e9 con\u00e7u et d\u00e9velopp\u00e9 par l\u2019agence de communication <a href=\"http:\/\/boldit-digital.pt\">Boldit &#8211; Digital Creative Agency<\/a><\/p>\n<p>Si l\u2019utilisateur constate une anomalie ou rencontre des probl\u00e8mes sur le site Internet, l\u2019utilisateur est invit\u00e9 \u00e0 en informer binsfeld: <a href=\"mailto:contact@bonimores.lu\">contact@bonimores.lu<\/a><\/p>\n<p>Pour toute r\u00e9clamation, l\u2019utilisateur peut s\u2019adresser \u00e0 contact@bonimores.lu ou appeler au (+352) 26 00 89 93.<\/p>\n<p><strong>CONDITIONS D\u2019UTILISATION DU SITE INTERNET<\/strong><br \/>En naviguant sur le site Internet, l\u2019utilisateur accepte sans r\u00e9serve les Conditions d\u2019utilisation du site Internet repris ci-apr\u00e8s.<\/p>\n<p><strong>UTILISATION DU SITE INTERNET<\/strong><br \/>L\u2019utilisateur s\u2019engage \u00e0 utiliser le site Internet en bon p\u00e8re de famille, \u00e0 ne pas porter atteinte aux droits de Beverages &amp; More SARL (Boni Mores) ou de ses clients et \u00e0 ne pas leur porter pr\u00e9judice.<\/p>\n<p>L\u2019utilisateur s\u2019engage notamment \u00e0 ne pas nuire \u00e0 la r\u00e9putation, diffamer, injurier, harceler ou menacer Beverages &amp; More SARL (Boni Mores), un client de celle-ci ou un tiers et \u00e0 ne pas utiliser un sous-programme, logiciel ou tout autre dispositif de quelque nature qu\u2019il soit qui pourrait nuire au bon fonctionnement du site Internet.<\/p>\n<p>Beverages &amp; More SARL (Boni Mores) se r\u00e9serve le droit de modifier les Conditions d\u2019utilisation du site Internet \u00e0 tout moment. L\u2019utilisation du site Internet apr\u00e8s modification des Conditions d\u2019utilisation vaut acceptation sans r\u00e9serve des nouvelles Conditions d\u2019utilisation du site Internet. Par cons\u00e9quent, Bonimores &#8211; Beverages &amp; More. conseille \u00e0 tout utilisateur de consulter r\u00e9guli\u00e8rement les Conditions d\u2019utilisation du site Internet.<\/p>\n<p><strong>OBJET DU SITE INTERNET<\/strong><br \/>Le site Internet a pour objet :<\/p>\n<p>de pr\u00e9senter les marques, produits et services de Bonimores &#8211; Beverages &amp; More.<\/p>\n<p><strong>PROPRI\u00c9T\u00c9 INTELLECTUELLE<\/strong><br \/>Le site Internet ainsi que son contenu et ses composants sont la propri\u00e9t\u00e9 intellectuelle de Beverages &amp; More SARL (Boni Mores).<\/p>\n<p>Le site Internet ainsi que son contenu appartiennent et sont exploit\u00e9s par Beverages &amp; More SARL (Boni Mores). De mani\u00e8re non limitative, les textes, photographies, publications, documents \u00e0 t\u00e9l\u00e9charger ou toute autre cr\u00e9ation ou document original, sont prot\u00e9g\u00e9s par les droits d\u2019auteur et leur publication sur le site Internet ne constitue en aucun cas une concession de droits d\u2019utilisation, une licence ou une autorisation quelconque, sauf en cas d\u2019autorisation expresse, pr\u00e9alable et \u00e9crite de Bonimores &#8211; Beverages &amp; More.<\/p>\n<p>Toute utilisation, diffusion, copie, reproduction, repr\u00e9sentation, traduction, adaptation, ou citation qu\u2019elle soit int\u00e9grale ou partielle, quel qu\u2019en soit le proc\u00e9d\u00e9 du site Internet, de son contenu ou de ses composants est strictement interdite sauf en cas d\u2019autorisation expresse, pr\u00e9alable et \u00e9crite de Beverages &amp; More SARL (Boni Mores).<\/p>\n<p>Le site Internet est destin\u00e9 \u00e0 l\u2019usage personnel et priv\u00e9 de l\u2019utilisateur dans un but autre que commercial. Toute autre utilisation du site Internet, de son contenu ou de l\u2019un de ses composants n\u00e9cessite l\u2019autorisation expresse, pr\u00e9alable et \u00e9crite de Bonimores &#8211; Beverages &amp; More.<\/p>\n<p><strong>ACC\u00c8S AU SITE INTERNET<\/strong><br \/>Beverages &amp; More SARL (Boni Mores) veille \u00e0 la disponibilit\u00e9 du site Internet. Cependant, Bonimores &#8211; Beverages &amp; More ne saurait \u00eatre responsable d\u2019une indisponibilit\u00e9 temporaire du site Internet pour cause de maintenance ou d\u2019am\u00e9liorations, ou pour d\u2019autres raisons techniques.<\/p>\n<p>Beverages &amp; More SARL (Boni Mores) se r\u00e9serve le droit de refuser \u00e0 l\u2019utilisateur l\u2019acc\u00e8s au site Internet \u00e0 tout moment et sans pr\u00e9avis.<\/p>\n<p>L\u2019utilisation du site Internet est r\u00e9serv\u00e9e aux personnes physiques non commer\u00e7antes <strong>\u00e2g\u00e9es de 18 ans au moins.<\/strong> Les personnes \u00e2g\u00e9es de moins de 18 ans ou r\u00e9sidant dans un pays o\u00f9 la vente, la consommation ou la publicit\u00e9 de l\u2019alcool ne sont pas autoris\u00e9es, doivent s\u2019abstenir d\u2019acc\u00e9der et\/ou d\u2019utiliser le site Internet.<\/p>\n<p><strong>NON-ENGAGEMENT<\/strong><br \/>Le site Internet, son contenu et ses composants sont r\u00e9guli\u00e8rement mis \u00e0 jour afin de permettre un acc\u00e8s et une utilisation dans les meilleures conditions. Cependant, Beverages &amp; More SARL (Boni Mores) ne peut garantir en temps r\u00e9el l\u2019actualit\u00e9, l\u2019exhaustivit\u00e9, l\u2019exactitude, et l\u2019int\u00e9gralit\u00e9 du contenu du site Internet.<\/p>\n<p>Le contenu du site Internet sont fournis \u00e0 titre purement indicatif.<\/p>\n<p>Le site Internet a \u00e9t\u00e9 d\u00e9velopp\u00e9 dans un environnement technique choisi par Beverages &amp; More SARL (Boni Mores) et est r\u00e9guli\u00e8rement mis \u00e0 jour de mani\u00e8re \u00e0 assurer son accessibilit\u00e9. Beverages &amp; More SARL (Boni Mores) ne garantit en aucun cas ni une accessibilit\u00e9 permanente, ni l\u2019absence d\u2019erreurs. Chaque utilisateur rencontrant une difficult\u00e9 lors de la navigation est invit\u00e9 \u00e0 en informer Beverages &amp; More SARL (Boni Mores) en s\u2019adressant \u00e0 contact@bonimores.lu<\/p>\n<p>Beverages &amp; More SARL (Boni Mores) ne peut \u00eatre tenue responsable d\u2019un \u00e9ventuel d\u00e9sagr\u00e9ment et\/ou dommage caus\u00e9 \u00e0 un utilisateur par les actions d\u2019un tiers qui par un moyen technique d\u00e9loyal, un virus ou logiciel malveillant a utilis\u00e9 les informations diffus\u00e9es sur le site Internet. Beverages &amp; More SARL (Boni Mores) met toutefois en \u0153uvre des moyens pour lutter contre toute atteinte externe ou action pr\u00e9judiciable de tiers, \u00e9tant toutefois limit\u00e9e par les contraintes et risques inh\u00e9rents \u00e0 Internet.<\/p>\n<p>Beverages &amp; More SARL (Boni Mores) ne peut \u00eatre tenue responsable d\u2019un quelconque dommage subi compte tenu notamment de la qualit\u00e9 du mat\u00e9riel informatique de l\u2019utilisateur, de la qualit\u00e9 du r\u00e9seau Internet et\/ou des configurations techniques \u00e0 la disposition de l\u2019utilisateur.<\/p>\n<p>Beverages &amp; More SARL (Boni Mores) ne pourra \u00eatre tenue responsable d\u2019un dysfonctionnement ou d\u2019une d\u00e9t\u00e9rioration d\u2019un module externe au site Internet.<\/p>\n<p>Beverages &amp; More SARL (Boni Mores) sera en droit de poursuivre toute personne ayant port\u00e9 atteinte par quelque moyen que ce soit au site Internet, tant dans sa structure technique que son contenu ou ses composants (copie illicite, hacking, envoi d\u2019un fichier malveillant \u2026).<\/p>\n<p><strong>TRAITEMENT DES DONN\u00c9ES \u00c0 CARACT\u00c8RE PERSONNEL ET DE COOKIES<\/strong><br \/>Lorsque l\u2019utilisateur acc\u00e8de ou utilise le site Internet, Beverages &amp; More SARL (Boni Mores) est susceptible de traiter des donn\u00e9es \u00e0 caract\u00e8re personnel.<\/p>\n<p>Beverages &amp; More SARL (Boni Mores) utilise des cookies pour collecter et enregistrer certaines informations des utilisateurs lors de leur passage sur le site Internet.<\/p>\n<p>Pour recevoir plus d\u2019informations relatives \u00e0 ces traitements, veuillez consulter la Politique de protection des donn\u00e9es \u00e0 caract\u00e8re personnel ainsi que la Politique de cookies.<\/p>\n<p><strong>ENREGISTREMENTS \u00c0 DES FINS STATISTIQUES<\/strong><br \/>Les visites effectu\u00e9es sur le site Internet peuvent faire l\u2019objet d\u2019un enregistrement \u00e0 des fins statistiques.<\/p>\n<p><strong>LIENS VERS D\u2019AUTRES SITES INTERNET<\/strong><br \/>Le site Internet peut contenir des liens vers des sites internet externes susceptibles d\u2019int\u00e9resser l\u2019utilisateur.<\/p>\n<p>La responsabilit\u00e9 de Beverages &amp; More SARL (Boni Mores) ne saurait \u00eatre engag\u00e9e quant au contenu de l\u2019un de ces sites internet tiers auquel l\u2019utilisateur aurait acc\u00e8s via le site Internet.<\/p>\n<p>Beverages &amp; More SARL (Boni Mores) ne dispose d\u2019aucun moyen de contr\u00f4le du contenu de ces sites tiers qui demeurent totalement ind\u00e9pendants de Beverages &amp; More SARL (Boni Mores).<\/p>\n<p>De surcro\u00eet, l\u2019existence d\u2019un lien entre le site Internet et un site tiers ne signifie en aucun cas que Munhowen S.A. approuve \u00e0 quelque titre que ce soit le contenu de ce site et a fortiori l\u2019usage qui pourrait en \u00eatre fait.<\/p>\n<p>Munhowen S.A. encourage l\u2019utilisateur \u00e0 prendre connaissance des politiques, r\u00e8gles, termes, conditions d\u2019utilisation et r\u00e8glements de chaque site que l\u2019utilisateur visite.<\/p>\n<p><strong>CONTACT<\/strong><br \/>L\u2019utilisateur peut s\u2019adresser \u00e0 contact@bonimores.lu ou appeler au (+352) 26 00 89 93 pour toute demande de renseignements.<\/p>\n<p>L\u2019utilisateur peut se d\u00e9sinscrire de la newsletter ou fermer son compte client \u00e0 tout moment en envoyant un courrier \u00e9lectronique \u00e0 contact@bonimores.lu.<\/p>\n<p><strong>LOI APPLICABLE ET TRIBUNAL COMP\u00c9TENT<\/strong><br \/>Tout litige relatif au site Internet, sa consultation ou son utilisation par l\u2019utilisateur sera soumis \u00e0 la loi luxembourgeoise et rel\u00e8vera de la comp\u00e9tence des tribunaux luxembourgeois.<\/p>\n<p>[\/et_pb_text][\/et_pb_column][\/et_pb_row][\/et_pb_section]<\/p>\n","protected":false},"excerpt":{"rendered":"<p>Beverages &amp; More SARL (Boni Mores)Beverages &amp; More SARL (Boni Mores) \u00c9DITEUR, H\u00c9BERGEUR, PROPRI\u00c9TAIRELe site Internet bonimores.lu (\u00ab site Internet \u00bb), dont le si\u00e8ge social est situ\u00e9 au28, Route de Capellen L-8279 Holzem Luxembourg, et qui est immatricul\u00e9e au Registre du commerce et des soci\u00e9t\u00e9s de Luxembourg. La direction de la publication est assur\u00e9e par [&hellip;]<\/p>\n","protected":false},"author":1,"featured_media":0,"parent":0,"menu_order":0,"comment_status":"closed","ping_status":"closed","template":"","meta":{"_et_pb_use_builder":"on","_et_pb_old_content":"<!-- wp:heading -->\r\n<h2>Who we are<\/h2>\r\n<!-- \/wp:heading --><!-- wp:paragraph -->\r\n<p><strong class=\"privacy-policy-tutorial\">Suggested text: <\/strong>Our website address is: http:\/\/bonimores.lu.<\/p>\r\n<!-- \/wp:paragraph --><!-- wp:heading -->\r\n<h2>Comments<\/h2>\r\n<!-- \/wp:heading --><!-- wp:paragraph -->\r\n<p><strong class=\"privacy-policy-tutorial\">Suggested text: <\/strong>When visitors leave comments on the site we collect the data shown in the comments form, and also the visitor\u2019s IP address and browser user agent string to help spam detection.<\/p>\r\n<!-- \/wp:paragraph --><!-- wp:paragraph -->\r\n<p>An anonymized string created from your email address (also called a hash) may be provided to the Gravatar service to see if you are using it. The Gravatar service privacy policy is available here: https:\/\/automattic.com\/privacy\/. After approval of your comment, your profile picture is visible to the public in the context of your comment.<\/p>\r\n<!-- \/wp:paragraph --><!-- wp:heading -->\r\n<h2>Media<\/h2>\r\n<!-- \/wp:heading --><!-- wp:paragraph -->\r\n<p><strong class=\"privacy-policy-tutorial\">Suggested text: <\/strong>If you upload images to the website, you should avoid uploading images with embedded location data (EXIF GPS) included. Visitors to the website can download and extract any location data from images on the website.<\/p>\r\n<!-- \/wp:paragraph --><!-- wp:heading -->\r\n<h2>Cookies<\/h2>\r\n<!-- \/wp:heading --><!-- wp:paragraph -->\r\n<p><strong class=\"privacy-policy-tutorial\">Suggested text: <\/strong>If you leave a comment on our site you may opt-in to saving your name, email address and website in cookies. These are for your convenience so that you do not have to fill in your details again when you leave another comment. These cookies will last for one year.<\/p>\r\n<!-- \/wp:paragraph --><!-- wp:paragraph -->\r\n<p>If you visit our login page, we will set a temporary cookie to determine if your browser accepts cookies. This cookie contains no personal data and is discarded when you close your browser.<\/p>\r\n<!-- \/wp:paragraph --><!-- wp:paragraph -->\r\n<p>When you log in, we will also set up several cookies to save your login information and your screen display choices. Login cookies last for two days, and screen options cookies last for a year. If you select \"Remember Me\", your login will persist for two weeks. If you log out of your account, the login cookies will be removed.<\/p>\r\n<!-- \/wp:paragraph --><!-- wp:paragraph -->\r\n<p>If you edit or publish an article, an additional cookie will be saved in your browser. This cookie includes no personal data and simply indicates the post ID of the article you just edited. It expires after 1 day.<\/p>\r\n<!-- \/wp:paragraph --><!-- wp:heading -->\r\n<h2>Embedded content from other websites<\/h2>\r\n<!-- \/wp:heading --><!-- wp:paragraph -->\r\n<p><strong class=\"privacy-policy-tutorial\">Suggested text: <\/strong>Articles on this site may include embedded content (e.g. videos, images, articles, etc.). Embedded content from other websites behaves in the exact same way as if the visitor has visited the other website.<\/p>\r\n<!-- \/wp:paragraph --><!-- wp:paragraph -->\r\n<p>These websites may collect data about you, use cookies, embed additional third-party tracking, and monitor your interaction with that embedded content, including tracking your interaction with the embedded content if you have an account and are logged in to that website.<\/p>\r\n<!-- \/wp:paragraph --><!-- wp:heading -->\r\n<h2>Who we share your data with<\/h2>\r\n<!-- \/wp:heading --><!-- wp:paragraph -->\r\n<p><strong class=\"privacy-policy-tutorial\">Suggested text: <\/strong>If you request a password reset, your IP address will be included in the reset email.<\/p>\r\n<!-- \/wp:paragraph --><!-- wp:heading -->\r\n<h2>How long we retain your data<\/h2>\r\n<!-- \/wp:heading --><!-- wp:paragraph -->\r\n<p><strong class=\"privacy-policy-tutorial\">Suggested text: <\/strong>If you leave a comment, the comment and its metadata are retained indefinitely. This is so we can recognize and approve any follow-up comments automatically instead of holding them in a moderation queue.<\/p>\r\n<!-- \/wp:paragraph --><!-- wp:paragraph -->\r\n<p>For users that register on our website (if any), we also store the personal information they provide in their user profile. All users can see, edit, or delete their personal information at any time (except they cannot change their username). Website administrators can also see and edit that information.<\/p>\r\n<!-- \/wp:paragraph --><!-- wp:heading -->\r\n<h2>What rights you have over your data<\/h2>\r\n<!-- \/wp:heading --><!-- wp:paragraph -->\r\n<p><strong class=\"privacy-policy-tutorial\">Suggested text: <\/strong>If you have an account on this site, or have left comments, you can request to receive an exported file of the personal data we hold about you, including any data you have provided to us. You can also request that we erase any personal data we hold about you. This does not include any data we are obliged to keep for administrative, legal, or security purposes.<\/p>\r\n<!-- \/wp:paragraph --><!-- wp:heading -->\r\n<h2>Where we send your data<\/h2>\r\n<!-- \/wp:heading --><!-- wp:paragraph -->\r\n<p><strong class=\"privacy-policy-tutorial\">Suggested text: <\/strong>Visitor comments may be checked through an automated spam detection service.<\/p>\r\n<!-- \/wp:paragraph -->","_et_gb_content_width":"","footnotes":""},"class_list":["post-3","page","type-page","status-publish","hentry"],"_links":{"self":[{"href":"https:\/\/bonimores.lu\/pt\/wp-json\/wp\/v2\/pages\/3","targetHints":{"allow":["GET"]}}],"collection":[{"href":"https:\/\/bonimores.lu\/pt\/wp-json\/wp\/v2\/pages"}],"about":[{"href":"https:\/\/bonimores.lu\/pt\/wp-json\/wp\/v2\/types\/page"}],"author":[{"embeddable":true,"href":"https:\/\/bonimores.lu\/pt\/wp-json\/wp\/v2\/users\/1"}],"replies":[{"embeddable":true,"href":"https:\/\/bonimores.lu\/pt\/wp-json\/wp\/v2\/comments?post=3"}],"version-history":[{"count":10,"href":"https:\/\/bonimores.lu\/pt\/wp-json\/wp\/v2\/pages\/3\/revisions"}],"predecessor-version":[{"id":251336,"href":"https:\/\/bonimores.lu\/pt\/wp-json\/wp\/v2\/pages\/3\/revisions\/251336"}],"wp:attachment":[{"href":"https:\/\/bonimores.lu\/pt\/wp-json\/wp\/v2\/media?parent=3"}],"curies":[{"name":"wp","href":"https:\/\/api.w.org\/{rel}","templated":true}]}}